{"id":68,"date":"2022-04-01T10:36:06","date_gmt":"2022-04-01T08:36:06","guid":{"rendered":"https:\/\/www.miipos.fr\/index.php\/contact\/"},"modified":"2022-06-02T17:20:37","modified_gmt":"2022-06-02T15:20:37","slug":"contact","status":"publish","type":"page","link":"https:\/\/www.miipos.fr\/index.php\/contact\/","title":{"rendered":"Partenariat"},"content":{"rendered":"\t\t<div data-elementor-type=\"wp-page\" data-elementor-id=\"68\" class=\"elementor elementor-68\">\n\t\t\t\t\t\t<section class=\"elementor-section elementor-top-section elementor-element elementor-element-0ffc312 elementor-section-boxed elementor-section-height-default elementor-section-height-default\" data-id=\"0ffc312\" data-element_type=\"section\" data-e-type=\"section\" data-settings=\"{&quot;background_background&quot;:&quot;classic&quot;}\">\n\t\t\t\t\t\t<div class=\"elementor-container elementor-column-gap-default\">\n\t\t\t\t\t<div class=\"elementor-column elementor-col-100 elementor-top-column elementor-element elementor-element-d72d7e2\" data-id=\"d72d7e2\" data-element_type=\"column\" data-e-type=\"column\" data-settings=\"{&quot;background_background&quot;:&quot;classic&quot;}\">\n\t\t\t<div class=\"elementor-widget-wrap elementor-element-populated\">\n\t\t\t\t\t\t<div class=\"elementor-element elementor-element-49badb0 elementor-widget elementor-widget-text-editor\" data-id=\"49badb0\" data-element_type=\"widget\" data-e-type=\"widget\" data-widget_type=\"text-editor.default\">\n\t\t\t\t<div class=\"elementor-widget-container\">\n\t\t\t\t\t\t\t\t\t<h2 class=\"h-custom-headline man h3\">\u00a0<\/h2><h2 class=\"h-custom-headline man h3\">D\u00e9j\u00e0 un connaisseur ? C&rsquo;est vous que nous cherchons !<\/h2><div class=\"x-text\"><p class=\"man\">Afin de devenir notre partenaire revendeur, n\u2019h\u00e9sitez pas \u00e0 nous contacter.<br \/>Notre \u00e9quipe commerciale vous r\u00e9pondra avec un grand plaisir dans les meilleurs d\u00e9lais.<\/p><\/div>\t\t\t\t\t\t\t\t<\/div>\n\t\t\t\t<\/div>\n\t\t\t\t\t<\/div>\n\t\t<\/div>\n\t\t\t\t\t<\/div>\n\t\t<\/section>\n\t\t\t\t<section class=\"elementor-section elementor-top-section elementor-element elementor-element-ac4c8b8 elementor-section-boxed elementor-section-height-default elementor-section-height-default\" data-id=\"ac4c8b8\" data-element_type=\"section\" data-e-type=\"section\" data-settings=\"{&quot;background_background&quot;:&quot;classic&quot;}\">\n\t\t\t\t\t\t<div class=\"elementor-container elementor-column-gap-default\">\n\t\t\t\t\t<div class=\"elementor-column elementor-col-66 elementor-top-column elementor-element elementor-element-952f357\" data-id=\"952f357\" data-element_type=\"column\" data-e-type=\"column\">\n\t\t\t<div class=\"elementor-widget-wrap elementor-element-populated\">\n\t\t\t\t\t\t<div class=\"elementor-element elementor-element-08f4c0f elementor-widget elementor-widget-wp-widget-wpforms-widget\" data-id=\"08f4c0f\" data-element_type=\"widget\" data-e-type=\"widget\" data-widget_type=\"wp-widget-wpforms-widget.default\">\n\t\t\t\t<div class=\"elementor-widget-container\">\n\t\t\t\t\t<div class=\"wpforms-container wpforms-container-full\" id=\"wpforms-444\"><form id=\"wpforms-form-444\" class=\"wpforms-validate wpforms-form wpforms-ajax-form\" data-formid=\"444\" method=\"post\" enctype=\"multipart\/form-data\" action=\"\/index.php\/wp-json\/wp\/v2\/pages\/68\" data-token=\"505028201ff31cd32512ac278dc9eb46\" data-token-time=\"1777494739\"><noscript class=\"wpforms-error-noscript\">Veuillez activer JavaScript dans votre navigateur pour remplir ce formulaire.<\/noscript><div class=\"wpforms-field-container\"><div id=\"wpforms-444-field_0-container\" class=\"wpforms-field wpforms-field-name\" data-field-id=\"0\"><label class=\"wpforms-field-label\" for=\"wpforms-444-field_0\">Nom <span class=\"wpforms-required-label\">*<\/span><\/label><input type=\"text\" id=\"wpforms-444-field_0\" class=\"wpforms-field-medium wpforms-field-required\" name=\"wpforms[fields][0]\" required><\/div><div id=\"wpforms-444-field_8-container\" class=\"wpforms-field wpforms-field-name\" data-field-id=\"8\"><label class=\"wpforms-field-label\" for=\"wpforms-444-field_8\">Nom de soci\u00e9t\u00e9 <span class=\"wpforms-required-label\">*<\/span><\/label><input type=\"text\" id=\"wpforms-444-field_8\" class=\"wpforms-field-medium wpforms-field-required\" name=\"wpforms[fields][8]\" required><\/div><div id=\"wpforms-444-field_1-container\" class=\"wpforms-field wpforms-field-email\" data-field-id=\"1\"><label class=\"wpforms-field-label\" for=\"wpforms-444-field_1\">Email <span class=\"wpforms-required-label\">*<\/span><\/label><input type=\"email\" id=\"wpforms-444-field_1\" class=\"wpforms-field-medium wpforms-field-required\" name=\"wpforms[fields][1]\" spellcheck=\"false\" required><\/div><div id=\"wpforms-444-field_2-container\" class=\"wpforms-field wpforms-field-textarea\" data-field-id=\"2\"><label class=\"wpforms-field-label\" for=\"wpforms-444-field_2\">Message<\/label><textarea id=\"wpforms-444-field_2\" class=\"wpforms-field-medium\" name=\"wpforms[fields][2]\" ><\/textarea><\/div><\/div><!-- .wpforms-field-container --><div class=\"wpforms-submit-container\" ><input type=\"hidden\" name=\"wpforms[id]\" value=\"444\"><input type=\"hidden\" name=\"page_title\" value=\"\"><input type=\"hidden\" name=\"page_url\" value=\"https:\/\/www.miipos.fr\/index.php\/wp-json\/wp\/v2\/pages\/68\"><input type=\"hidden\" name=\"url_referer\" value=\"\"><button type=\"submit\" name=\"wpforms[submit]\" id=\"wpforms-submit-444\" class=\"wpforms-submit\" data-alt-text=\"...\" data-submit-text=\"Envoyer\" aria-live=\"assertive\" value=\"wpforms-submit\">Envoyer<\/button><img decoding=\"async\" src=\"https:\/\/www.miipos.fr\/wp-content\/plugins\/wpforms-lite\/assets\/images\/submit-spin.svg\" class=\"wpforms-submit-spinner\" style=\"display: none;\" width=\"26\" height=\"26\" alt=\"Chargement en cours\"><\/div><\/form><\/div>  <!-- .wpforms-container -->\t\t\t\t<\/div>\n\t\t\t\t<\/div>\n\t\t\t\t\t<\/div>\n\t\t<\/div>\n\t\t\t\t<div class=\"elementor-column elementor-col-33 elementor-top-column elementor-element elementor-element-5b8e56c\" data-id=\"5b8e56c\" data-element_type=\"column\" data-e-type=\"column\">\n\t\t\t<div class=\"elementor-widget-wrap elementor-element-populated\">\n\t\t\t\t\t\t<div class=\"elementor-element elementor-element-9652546 elementor-widget elementor-widget-spacer\" data-id=\"9652546\" data-element_type=\"widget\" data-e-type=\"widget\" data-widget_type=\"spacer.default\">\n\t\t\t\t<div class=\"elementor-widget-container\">\n\t\t\t\t\t\t\t<div class=\"elementor-spacer\">\n\t\t\t<div class=\"elementor-spacer-inner\"><\/div>\n\t\t<\/div>\n\t\t\t\t\t\t<\/div>\n\t\t\t\t<\/div>\n\t\t\t\t<div class=\"elementor-element elementor-element-885fd44 elementor-widget elementor-widget-image\" data-id=\"885fd44\" data-element_type=\"widget\" data-e-type=\"widget\" data-widget_type=\"image.default\">\n\t\t\t\t<div class=\"elementor-widget-container\">\n\t\t\t\t\t\t\t\t\t\t\t\t\t\t\t<img fetchpriority=\"high\" decoding=\"async\" width=\"768\" height=\"1054\" src=\"https:\/\/www.miipos.fr\/wp-content\/uploads\/2022\/06\/\u8d44\u6e90-7@4x-100-768x1054.jpg\" class=\"attachment-medium_large size-medium_large wp-image-1224\" alt=\"\" srcset=\"https:\/\/www.miipos.fr\/wp-content\/uploads\/2022\/06\/\u8d44\u6e90-7@4x-100-768x1054.jpg 768w, https:\/\/www.miipos.fr\/wp-content\/uploads\/2022\/06\/\u8d44\u6e90-7@4x-100-219x300.jpg 219w, https:\/\/www.miipos.fr\/wp-content\/uploads\/2022\/06\/\u8d44\u6e90-7@4x-100-746x1024.jpg 746w, https:\/\/www.miipos.fr\/wp-content\/uploads\/2022\/06\/\u8d44\u6e90-7@4x-100.jpg 973w\" sizes=\"(max-width: 768px) 100vw, 768px\" \/>\t\t\t\t\t\t\t\t\t\t\t\t\t\t\t<\/div>\n\t\t\t\t<\/div>\n\t\t\t\t\t<\/div>\n\t\t<\/div>\n\t\t\t\t\t<\/div>\n\t\t<\/section>\n\t\t\t\t<section class=\"elementor-section elementor-top-section elementor-element elementor-element-4e2a2a1 elementor-section-boxed elementor-section-height-default elementor-section-height-default\" data-id=\"4e2a2a1\" data-element_type=\"section\" data-e-type=\"section\" data-settings=\"{&quot;background_background&quot;:&quot;classic&quot;}\">\n\t\t\t\t\t\t<div class=\"elementor-container elementor-column-gap-default\">\n\t\t\t\t\t<div class=\"elementor-column elementor-col-100 elementor-top-column elementor-element elementor-element-bd888d7\" data-id=\"bd888d7\" data-element_type=\"column\" data-e-type=\"column\">\n\t\t\t<div class=\"elementor-widget-wrap elementor-element-populated\">\n\t\t\t\t\t\t<div class=\"elementor-element elementor-element-201d05a elementor-widget elementor-widget-spacer\" data-id=\"201d05a\" data-element_type=\"widget\" data-e-type=\"widget\" data-widget_type=\"spacer.default\">\n\t\t\t\t<div class=\"elementor-widget-container\">\n\t\t\t\t\t\t\t<div class=\"elementor-spacer\">\n\t\t\t<div class=\"elementor-spacer-inner\"><\/div>\n\t\t<\/div>\n\t\t\t\t\t\t<\/div>\n\t\t\t\t<\/div>\n\t\t\t\t\t<\/div>\n\t\t<\/div>\n\t\t\t\t\t<\/div>\n\t\t<\/section>\n\t\t\t\t<section class=\"elementor-section elementor-top-section elementor-element elementor-element-ad107f3 elementor-section-boxed elementor-section-height-default elementor-section-height-default\" data-id=\"ad107f3\" data-element_type=\"section\" data-e-type=\"section\" data-settings=\"{&quot;background_background&quot;:&quot;classic&quot;}\">\n\t\t\t\t\t\t<div class=\"elementor-container elementor-column-gap-default\">\n\t\t\t\t\t<div class=\"elementor-column elementor-col-100 elementor-top-column elementor-element elementor-element-a9c300a\" data-id=\"a9c300a\" data-element_type=\"column\" data-e-type=\"column\">\n\t\t\t<div class=\"elementor-widget-wrap elementor-element-populated\">\n\t\t\t\t\t\t<div class=\"elementor-element elementor-element-cef954e elementor-widget elementor-widget-image\" data-id=\"cef954e\" data-element_type=\"widget\" data-e-type=\"widget\" data-widget_type=\"image.default\">\n\t\t\t\t<div class=\"elementor-widget-container\">\n\t\t\t\t\t\t\t\t\t\t\t\t\t\t\t<img decoding=\"async\" width=\"1024\" height=\"173\" src=\"https:\/\/www.miipos.fr\/wp-content\/uploads\/2022\/06\/\u672a\u6807\u9898-2-1024x173.png\" class=\"attachment-large size-large wp-image-1296\" alt=\"\" srcset=\"https:\/\/www.miipos.fr\/wp-content\/uploads\/2022\/06\/\u672a\u6807\u9898-2-1024x173.png 1024w, https:\/\/www.miipos.fr\/wp-content\/uploads\/2022\/06\/\u672a\u6807\u9898-2-300x51.png 300w, https:\/\/www.miipos.fr\/wp-content\/uploads\/2022\/06\/\u672a\u6807\u9898-2-768x129.png 768w, https:\/\/www.miipos.fr\/wp-content\/uploads\/2022\/06\/\u672a\u6807\u9898-2-1536x259.png 1536w, https:\/\/www.miipos.fr\/wp-content\/uploads\/2022\/06\/\u672a\u6807\u9898-2-2048x345.png 2048w\" sizes=\"(max-width: 1024px) 100vw, 1024px\" \/>\t\t\t\t\t\t\t\t\t\t\t\t\t\t\t<\/div>\n\t\t\t\t<\/div>\n\t\t\t\t\t<\/div>\n\t\t<\/div>\n\t\t\t\t\t<\/div>\n\t\t<\/section>\n\t\t\t\t<\/div>\n\t\t","protected":false},"excerpt":{"rendered":"<p>\u00a0 D\u00e9j\u00e0 un connaisseur ? C&rsquo;est vous que nous cherchons ! Afin de devenir notre partenaire revendeur, n\u2019h\u00e9sitez pas \u00e0 nous contacter.Notre \u00e9quipe commerciale vous r\u00e9pondra avec un grand plaisir dans les meilleurs d\u00e9lais.<\/p>\n","protected":false},"author":1,"featured_media":0,"parent":0,"menu_order":0,"comment_status":"closed","ping_status":"closed","template":"elementor_header_footer","meta":{"footnotes":""},"class_list":["post-68","page","type-page","status-publish"],"_links":{"self":[{"href":"https:\/\/www.miipos.fr\/index.php\/wp-json\/wp\/v2\/pages\/68","targetHints":{"allow":["GET"]}}],"collection":[{"href":"https:\/\/www.miipos.fr\/index.php\/wp-json\/wp\/v2\/pages"}],"about":[{"href":"https:\/\/www.miipos.fr\/index.php\/wp-json\/wp\/v2\/types\/page"}],"author":[{"embeddable":true,"href":"https:\/\/www.miipos.fr\/index.php\/wp-json\/wp\/v2\/users\/1"}],"replies":[{"embeddable":true,"href":"https:\/\/www.miipos.fr\/index.php\/wp-json\/wp\/v2\/comments?post=68"}],"version-history":[{"count":88,"href":"https:\/\/www.miipos.fr\/index.php\/wp-json\/wp\/v2\/pages\/68\/revisions"}],"predecessor-version":[{"id":1318,"href":"https:\/\/www.miipos.fr\/index.php\/wp-json\/wp\/v2\/pages\/68\/revisions\/1318"}],"wp:attachment":[{"href":"https:\/\/www.miipos.fr\/index.php\/wp-json\/wp\/v2\/media?parent=68"}],"curies":[{"name":"wp","href":"https:\/\/api.w.org\/{rel}","templated":true}]}}